{"id":417,"date":"2020-04-12T21:12:27","date_gmt":"2020-04-12T19:12:27","guid":{"rendered":"http:\/\/bsbmetalic.com\/overtheclouds\/?page_id=417"},"modified":"2022-05-10T09:39:07","modified_gmt":"2022-05-10T07:39:07","slug":"sobre-nosaltres","status":"publish","type":"page","link":"https:\/\/www.overtheclouds.eu\/index.php\/sobre-nosaltres\/","title":{"rendered":"Sobre nosaltres"},"content":{"rendered":"\n<h3 class=\"has-text-align-center wp-block-heading\">Over the Clouds<\/h3>\n\n\n\n<div class=\"wp-block-group\"><div class=\"wp-block-group__inner-container is-layout-flow wp-block-group-is-layout-flow\">\n<div class=\"wp-block-group\"><div class=\"wp-block-group__inner-container is-layout-flow wp-block-group-is-layout-flow\">\n<p>A <strong>Over the Clouds<\/strong> planifiquem i executem rutes de muntanya per assolir cims, fent excursions que normalment es farien a peu o que no gaires persones s&#8217;han plantejat que \u00e9s possible fer sobre dues rodes. Les gravem, les analitzem i te les mostrem ordenades i classificades per dificultat, zona geogr\u00e0fica i, sobretot, percentatge de ciclabilitat.<\/p>\n\n\n\n<p>Over the Clouds \u00e9s un projecte que neix del descobriment de la bicicleta el\u00e8ctrica o <em>e-bike<\/em> i de l&#8217;enorme potencial que t\u00e9 aquesta disciplina. No tothom t\u00e9 la capacitat i la forma f\u00edsica de fer grans i llargues rutes mantenint el principal objectiu de tot plegat: <strong>divertir-se<\/strong>.<\/p>\n\n\n\n<p>Som amants de la natura i de les dues rodes i busquem compartir vistes i experi\u00e8ncies amb altres aficionats de la bicicleta, i descobrir-los que amb una e-bike \u00e9s possible fer aquestes rutes.<\/p>\n\n\n\n<p>Si fa gaire que no sabeu res de nosaltres, de ben segur que ens trobareu per algun cim del Pirineu catal\u00e0, franc\u00e8s o andorr\u00e0.<\/p>\n<\/div><\/div>\n<\/div><\/div>\n\n\n\n<div class=\"wp-block-image\"><figure class=\"aligncenter size-large\"><img loading=\"lazy\" decoding=\"async\" width=\"1024\" height=\"768\" src=\"http:\/\/www.overtheclouds.eu\/wp-content\/uploads\/2020\/04\/IMG_7574-1-1024x768.jpg\" alt=\"Tossa Plana de Lles\" class=\"wp-image-806\" srcset=\"https:\/\/www.overtheclouds.eu\/wp-content\/uploads\/2020\/04\/IMG_7574-1-1024x768.jpg 1024w, https:\/\/www.overtheclouds.eu\/wp-content\/uploads\/2020\/04\/IMG_7574-1-300x225.jpg 300w, https:\/\/www.overtheclouds.eu\/wp-content\/uploads\/2020\/04\/IMG_7574-1-768x576.jpg 768w, https:\/\/www.overtheclouds.eu\/wp-content\/uploads\/2020\/04\/IMG_7574-1-730x547.jpg 730w, https:\/\/www.overtheclouds.eu\/wp-content\/uploads\/2020\/04\/IMG_7574-1-640x480.jpg 640w, https:\/\/www.overtheclouds.eu\/wp-content\/uploads\/2020\/04\/IMG_7574-1-820x615.jpg 820w, https:\/\/www.overtheclouds.eu\/wp-content\/uploads\/2020\/04\/IMG_7574-1.jpg 1184w\" sizes=\"(max-width: 1024px) 100vw, 1024px\" \/><figcaption>En Jaume i en Joan &#8211; a laTossa Plana de Lles<\/figcaption><\/figure><\/div>\n","protected":false},"excerpt":{"rendered":"<p>Over the Clouds A Over the Clouds planifiquem i executem rutes de muntanya per assolir cims, fent excursions que normalment es farien a peu o que no gaires persones s&#8217;han plantejat que \u00e9s possible fer sobre dues rodes. Les gravem, &hellip; <a href=\"https:\/\/www.overtheclouds.eu\/index.php\/sobre-nosaltres\/\" class=\"more-link\"><span class=\"more-button\">TOTA LA RUTA AQU\u00cd<span class=\"screen-reader-text\">Sobre nosaltres<\/span><\/span><\/a><\/p>\n","protected":false},"author":1,"featured_media":0,"parent":0,"menu_order":0,"comment_status":"closed","ping_status":"closed","template":"","meta":{"_exactmetrics_skip_tracking":false,"_exactmetrics_sitenote_active":false,"_exactmetrics_sitenote_note":"","_exactmetrics_sitenote_category":0,"footnotes":""},"yoast_head":"<!-- This site is optimized with the Yoast SEO plugin v22.7 - https:\/\/yoast.com\/wordpress\/plugins\/seo\/ -->\n<title>Sobre nosaltres &#8211; Over the Clouds<\/title>\n<meta name=\"description\" content=\"Over the Clouds\" \/>\n<meta name=\"robots\" content=\"index, follow, max-snippet:-1, max-image-preview:large, max-video-preview:-1\" \/>\n<link rel=\"canonical\" href=\"https:\/\/www.overtheclouds.eu\/index.php\/sobre-nosaltres\/\" \/>\n<meta property=\"og:locale\" content=\"es_ES\" \/>\n<meta property=\"og:type\" content=\"article\" \/>\n<meta property=\"og:title\" content=\"Sobre nosaltres &#8211; Over the Clouds\" \/>\n<meta property=\"og:description\" content=\"Over the Clouds\" \/>\n<meta property=\"og:url\" content=\"https:\/\/www.overtheclouds.eu\/index.php\/sobre-nosaltres\/\" \/>\n<meta property=\"og:site_name\" content=\"Over the Clouds\" \/>\n<meta property=\"article:modified_time\" content=\"2022-05-10T07:39:07+00:00\" \/>\n<meta property=\"og:image\" content=\"http:\/\/www.overtheclouds.eu\/wp-content\/uploads\/2020\/04\/IMG_7574-1-1024x768.jpg\" \/>\n<meta name=\"twitter:card\" content=\"summary_large_image\" \/>\n<meta name=\"twitter:label1\" content=\"Tiempo de lectura\" \/>\n\t<meta name=\"twitter:data1\" content=\"1 minuto\" \/>\n<script type=\"application\/ld+json\" class=\"yoast-schema-graph\">{\"@context\":\"https:\/\/schema.org\",\"@graph\":[{\"@type\":\"WebPage\",\"@id\":\"https:\/\/www.overtheclouds.eu\/index.php\/sobre-nosaltres\/\",\"url\":\"https:\/\/www.overtheclouds.eu\/index.php\/sobre-nosaltres\/\",\"name\":\"Sobre nosaltres &#8211; Over the Clouds\",\"isPartOf\":{\"@id\":\"https:\/\/www.overtheclouds.eu\/#website\"},\"primaryImageOfPage\":{\"@id\":\"https:\/\/www.overtheclouds.eu\/index.php\/sobre-nosaltres\/#primaryimage\"},\"image\":{\"@id\":\"https:\/\/www.overtheclouds.eu\/index.php\/sobre-nosaltres\/#primaryimage\"},\"thumbnailUrl\":\"http:\/\/www.overtheclouds.eu\/wp-content\/uploads\/2020\/04\/IMG_7574-1-1024x768.jpg\",\"datePublished\":\"2020-04-12T19:12:27+00:00\",\"dateModified\":\"2022-05-10T07:39:07+00:00\",\"description\":\"Over the Clouds\",\"breadcrumb\":{\"@id\":\"https:\/\/www.overtheclouds.eu\/index.php\/sobre-nosaltres\/#breadcrumb\"},\"inLanguage\":\"es\",\"potentialAction\":[{\"@type\":\"ReadAction\",\"target\":[\"https:\/\/www.overtheclouds.eu\/index.php\/sobre-nosaltres\/\"]}]},{\"@type\":\"ImageObject\",\"inLanguage\":\"es\",\"@id\":\"https:\/\/www.overtheclouds.eu\/index.php\/sobre-nosaltres\/#primaryimage\",\"url\":\"https:\/\/www.overtheclouds.eu\/wp-content\/uploads\/2020\/04\/IMG_7574-1.jpg\",\"contentUrl\":\"https:\/\/www.overtheclouds.eu\/wp-content\/uploads\/2020\/04\/IMG_7574-1.jpg\",\"width\":1184,\"height\":888,\"caption\":\"Tossa Plana de Lles\"},{\"@type\":\"BreadcrumbList\",\"@id\":\"https:\/\/www.overtheclouds.eu\/index.php\/sobre-nosaltres\/#breadcrumb\",\"itemListElement\":[{\"@type\":\"ListItem\",\"position\":1,\"name\":\"Inici\",\"item\":\"https:\/\/www.overtheclouds.eu\/\"},{\"@type\":\"ListItem\",\"position\":2,\"name\":\"Sobre nosaltres\"}]},{\"@type\":\"WebSite\",\"@id\":\"https:\/\/www.overtheclouds.eu\/#website\",\"url\":\"https:\/\/www.overtheclouds.eu\/\",\"name\":\"Over the Clouds\",\"description\":\"El plaer de rec\u00f3rrer valls, carenes i assolir cims\",\"publisher\":{\"@id\":\"https:\/\/www.overtheclouds.eu\/#organization\"},\"potentialAction\":[{\"@type\":\"SearchAction\",\"target\":{\"@type\":\"EntryPoint\",\"urlTemplate\":\"https:\/\/www.overtheclouds.eu\/?s={search_term_string}\"},\"query-input\":\"required name=search_term_string\"}],\"inLanguage\":\"es\"},{\"@type\":\"Organization\",\"@id\":\"https:\/\/www.overtheclouds.eu\/#organization\",\"name\":\"Over the Clouds\",\"url\":\"https:\/\/www.overtheclouds.eu\/\",\"logo\":{\"@type\":\"ImageObject\",\"inLanguage\":\"es\",\"@id\":\"https:\/\/www.overtheclouds.eu\/#\/schema\/logo\/image\/\",\"url\":\"https:\/\/www.overtheclouds.eu\/wp-content\/uploads\/2020\/02\/logo-4.png\",\"contentUrl\":\"https:\/\/www.overtheclouds.eu\/wp-content\/uploads\/2020\/02\/logo-4.png\",\"width\":612,\"height\":418,\"caption\":\"Over the Clouds\"},\"image\":{\"@id\":\"https:\/\/www.overtheclouds.eu\/#\/schema\/logo\/image\/\"}}]}<\/script>\n<!-- \/ Yoast SEO plugin. -->","yoast_head_json":{"title":"Sobre nosaltres &#8211; Over the Clouds","description":"Over the Clouds","robots":{"index":"index","follow":"follow","max-snippet":"max-snippet:-1","max-image-preview":"max-image-preview:large","max-video-preview":"max-video-preview:-1"},"canonical":"https:\/\/www.overtheclouds.eu\/index.php\/sobre-nosaltres\/","og_locale":"es_ES","og_type":"article","og_title":"Sobre nosaltres &#8211; Over the Clouds","og_description":"Over the Clouds","og_url":"https:\/\/www.overtheclouds.eu\/index.php\/sobre-nosaltres\/","og_site_name":"Over the Clouds","article_modified_time":"2022-05-10T07:39:07+00:00","og_image":[{"url":"http:\/\/www.overtheclouds.eu\/wp-content\/uploads\/2020\/04\/IMG_7574-1-1024x768.jpg"}],"twitter_card":"summary_large_image","twitter_misc":{"Tiempo de lectura":"1 minuto"},"schema":{"@context":"https:\/\/schema.org","@graph":[{"@type":"WebPage","@id":"https:\/\/www.overtheclouds.eu\/index.php\/sobre-nosaltres\/","url":"https:\/\/www.overtheclouds.eu\/index.php\/sobre-nosaltres\/","name":"Sobre nosaltres &#8211; Over the Clouds","isPartOf":{"@id":"https:\/\/www.overtheclouds.eu\/#website"},"primaryImageOfPage":{"@id":"https:\/\/www.overtheclouds.eu\/index.php\/sobre-nosaltres\/#primaryimage"},"image":{"@id":"https:\/\/www.overtheclouds.eu\/index.php\/sobre-nosaltres\/#primaryimage"},"thumbnailUrl":"http:\/\/www.overtheclouds.eu\/wp-content\/uploads\/2020\/04\/IMG_7574-1-1024x768.jpg","datePublished":"2020-04-12T19:12:27+00:00","dateModified":"2022-05-10T07:39:07+00:00","description":"Over the Clouds","breadcrumb":{"@id":"https:\/\/www.overtheclouds.eu\/index.php\/sobre-nosaltres\/#breadcrumb"},"inLanguage":"es","potentialAction":[{"@type":"ReadAction","target":["https:\/\/www.overtheclouds.eu\/index.php\/sobre-nosaltres\/"]}]},{"@type":"ImageObject","inLanguage":"es","@id":"https:\/\/www.overtheclouds.eu\/index.php\/sobre-nosaltres\/#primaryimage","url":"https:\/\/www.overtheclouds.eu\/wp-content\/uploads\/2020\/04\/IMG_7574-1.jpg","contentUrl":"https:\/\/www.overtheclouds.eu\/wp-content\/uploads\/2020\/04\/IMG_7574-1.jpg","width":1184,"height":888,"caption":"Tossa Plana de Lles"},{"@type":"BreadcrumbList","@id":"https:\/\/www.overtheclouds.eu\/index.php\/sobre-nosaltres\/#breadcrumb","itemListElement":[{"@type":"ListItem","position":1,"name":"Inici","item":"https:\/\/www.overtheclouds.eu\/"},{"@type":"ListItem","position":2,"name":"Sobre nosaltres"}]},{"@type":"WebSite","@id":"https:\/\/www.overtheclouds.eu\/#website","url":"https:\/\/www.overtheclouds.eu\/","name":"Over the Clouds","description":"El plaer de rec\u00f3rrer valls, carenes i assolir cims","publisher":{"@id":"https:\/\/www.overtheclouds.eu\/#organization"},"potentialAction":[{"@type":"SearchAction","target":{"@type":"EntryPoint","urlTemplate":"https:\/\/www.overtheclouds.eu\/?s={search_term_string}"},"query-input":"required name=search_term_string"}],"inLanguage":"es"},{"@type":"Organization","@id":"https:\/\/www.overtheclouds.eu\/#organization","name":"Over the Clouds","url":"https:\/\/www.overtheclouds.eu\/","logo":{"@type":"ImageObject","inLanguage":"es","@id":"https:\/\/www.overtheclouds.eu\/#\/schema\/logo\/image\/","url":"https:\/\/www.overtheclouds.eu\/wp-content\/uploads\/2020\/02\/logo-4.png","contentUrl":"https:\/\/www.overtheclouds.eu\/wp-content\/uploads\/2020\/02\/logo-4.png","width":612,"height":418,"caption":"Over the Clouds"},"image":{"@id":"https:\/\/www.overtheclouds.eu\/#\/schema\/logo\/image\/"}}]}},"_links":{"self":[{"href":"https:\/\/www.overtheclouds.eu\/index.php\/wp-json\/wp\/v2\/pages\/417"}],"collection":[{"href":"https:\/\/www.overtheclouds.eu\/index.php\/wp-json\/wp\/v2\/pages"}],"about":[{"href":"https:\/\/www.overtheclouds.eu\/index.php\/wp-json\/wp\/v2\/types\/page"}],"author":[{"embeddable":true,"href":"https:\/\/www.overtheclouds.eu\/index.php\/wp-json\/wp\/v2\/users\/1"}],"replies":[{"embeddable":true,"href":"https:\/\/www.overtheclouds.eu\/index.php\/wp-json\/wp\/v2\/comments?post=417"}],"version-history":[{"count":22,"href":"https:\/\/www.overtheclouds.eu\/index.php\/wp-json\/wp\/v2\/pages\/417\/revisions"}],"predecessor-version":[{"id":2001,"href":"https:\/\/www.overtheclouds.eu\/index.php\/wp-json\/wp\/v2\/pages\/417\/revisions\/2001"}],"wp:attachment":[{"href":"https:\/\/www.overtheclouds.eu\/index.php\/wp-json\/wp\/v2\/media?parent=417"}],"curies":[{"name":"wp","href":"https:\/\/api.w.org\/{rel}","templated":true}]}}