{"id":1047,"date":"2020-04-12T21:12:27","date_gmt":"2020-04-12T19:12:27","guid":{"rendered":"http:\/\/bsbmetalic.com\/overtheclouds\/?page_id=417"},"modified":"2020-04-12T21:12:27","modified_gmt":"2020-04-12T19:12:27","slug":"acerca-de-sobre-nosotros","status":"publish","type":"page","link":"https:\/\/www.overtheclouds.eu\/index.php\/es\/acerca-de-sobre-nosotros\/","title":{"rendered":"Sobre nosotros"},"content":{"rendered":"\n<h3 class=\"has-text-align-center wp-block-heading\">Over the Clouds<\/h3>\n\n\n\n<div class=\"wp-block-group\"><div class=\"wp-block-group__inner-container is-layout-flow wp-block-group-is-layout-flow\">\n<div class=\"wp-block-group\"><div class=\"wp-block-group__inner-container is-layout-flow wp-block-group-is-layout-flow\">\n<p>En<strong> Over the Cloud<\/strong>s planificamos y ejecutamos rutas de monta\u00f1a para llegar a las cumbres, haciendo excursiones que normalmente estar\u00e1n a pie o no mucha gente ha levantado que es posible hacer sobre dos ruedas. Los registramos, los analizamos y los mostramos ordenados y ordenados por dificultad, \u00e1rea geogr\u00e1fica y, sobre todo, el porcentaje de ciclabilidad.<\/p>\n\n\n\n<p>Over The Clouds es un proyecto que nace del descubrimiento de bicicletas el\u00e9ctri<em>cas o <\/em>e-bike y del enorme potencial de esta disciplina. No todo el mundo tiene la capacidad y la forma f\u00edsica de hacer rutas grandes y largas manteniendo el objetivo principal de todo est<strong>o: divertirs<\/strong>e.<\/p>\n\n\n\n<p>Somos amantes de la naturaleza y de dos ruedas y buscamos compartir puntos de vista y experiencias con otros entusiastas de la bicicleta, y descubrir que con una e-bike es posible hacer estas rutas.<\/p>\n\n\n\n<p>Si no sabes nada de nosotros, seguro que nos encontrar\u00e1s en alguna cumbre del Pirineo catal\u00e1n, franc\u00e9s o andorrano.<\/p>\n<\/div><\/div>\n<\/div><\/div>\n\n\n\n<div class=\"wp-block-image\"><figure class=\"aligncenter size-large\"><img loading=\"lazy\" decoding=\"async\" width=\"1024\" height=\"768\" src=\"http:\/\/www.overtheclouds.eu\/wp-content\/uploads\/2020\/04\/IMG_7574-1-1024x768.jpg\" alt=\"Tossa Plana de Lles\" class=\"wp-image-806\" srcset=\"https:\/\/www.overtheclouds.eu\/wp-content\/uploads\/2020\/04\/IMG_7574-1-1024x768.jpg 1024w, https:\/\/www.overtheclouds.eu\/wp-content\/uploads\/2020\/04\/IMG_7574-1-300x225.jpg 300w, https:\/\/www.overtheclouds.eu\/wp-content\/uploads\/2020\/04\/IMG_7574-1-768x576.jpg 768w, https:\/\/www.overtheclouds.eu\/wp-content\/uploads\/2020\/04\/IMG_7574-1-730x547.jpg 730w, https:\/\/www.overtheclouds.eu\/wp-content\/uploads\/2020\/04\/IMG_7574-1-640x480.jpg 640w, https:\/\/www.overtheclouds.eu\/wp-content\/uploads\/2020\/04\/IMG_7574-1-820x615.jpg 820w, https:\/\/www.overtheclouds.eu\/wp-content\/uploads\/2020\/04\/IMG_7574-1.jpg 1184w\" sizes=\"(max-width: 1024px) 100vw, 1024px\" \/><figcaption>Jaume y Joan-in laTossa Plana de Lles<\/figcaption><\/figure><\/div>\n","protected":false},"excerpt":{"rendered":"<p>Over the Clouds En Over the Clouds planificamos y ejecutamos rutas de monta\u00f1a para llegar a las cumbres, haciendo excursiones que normalmente estar\u00e1n a pie o no mucha gente ha levantado que es posible hacer sobre dos ruedas. Los registramos, &hellip; <a href=\"https:\/\/www.overtheclouds.eu\/index.php\/es\/acerca-de-sobre-nosotros\/\" class=\"more-link\"><span class=\"more-button\">TOTA LA RUTA AQU\u00cd<span class=\"screen-reader-text\">Sobre nosotros<\/span><\/span><\/a><\/p>\n","protected":false},"author":1,"featured_media":0,"parent":0,"menu_order":0,"comment_status":"closed","ping_status":"closed","template":"","meta":{"_exactmetrics_skip_tracking":false,"_exactmetrics_sitenote_active":false,"_exactmetrics_sitenote_note":"","_exactmetrics_sitenote_category":0,"footnotes":""},"yoast_head":"<!-- This site is optimized with the Yoast SEO plugin v22.7 - https:\/\/yoast.com\/wordpress\/plugins\/seo\/ -->\n<title>Sobre nosotros &#8211; Over the Clouds<\/title>\n<meta name=\"description\" content=\"Over the Clouds\" \/>\n<meta name=\"robots\" content=\"index, follow, max-snippet:-1, max-image-preview:large, max-video-preview:-1\" \/>\n<link rel=\"canonical\" href=\"https:\/\/www.overtheclouds.eu\/index.php\/es\/acerca-de-sobre-nosotros\/\" \/>\n<meta property=\"og:locale\" content=\"es_ES\" \/>\n<meta property=\"og:type\" content=\"article\" \/>\n<meta property=\"og:title\" content=\"Sobre nosotros &#8211; Over the Clouds\" \/>\n<meta property=\"og:description\" content=\"Over the Clouds\" \/>\n<meta property=\"og:url\" content=\"https:\/\/www.overtheclouds.eu\/index.php\/es\/acerca-de-sobre-nosotros\/\" \/>\n<meta property=\"og:site_name\" content=\"Over the Clouds\" \/>\n<meta property=\"og:image\" content=\"http:\/\/www.overtheclouds.eu\/wp-content\/uploads\/2020\/04\/IMG_7574-1-1024x768.jpg\" \/>\n<meta name=\"twitter:card\" content=\"summary_large_image\" \/>\n<meta name=\"twitter:label1\" content=\"Tiempo de lectura\" \/>\n\t<meta name=\"twitter:data1\" content=\"1 minuto\" \/>\n<script type=\"application\/ld+json\" class=\"yoast-schema-graph\">{\"@context\":\"https:\/\/schema.org\",\"@graph\":[{\"@type\":\"WebPage\",\"@id\":\"https:\/\/www.overtheclouds.eu\/index.php\/es\/acerca-de-sobre-nosotros\/\",\"url\":\"https:\/\/www.overtheclouds.eu\/index.php\/es\/acerca-de-sobre-nosotros\/\",\"name\":\"Sobre nosotros &#8211; Over the Clouds\",\"isPartOf\":{\"@id\":\"https:\/\/www.overtheclouds.eu\/#website\"},\"primaryImageOfPage\":{\"@id\":\"https:\/\/www.overtheclouds.eu\/index.php\/es\/acerca-de-sobre-nosotros\/#primaryimage\"},\"image\":{\"@id\":\"https:\/\/www.overtheclouds.eu\/index.php\/es\/acerca-de-sobre-nosotros\/#primaryimage\"},\"thumbnailUrl\":\"http:\/\/www.overtheclouds.eu\/wp-content\/uploads\/2020\/04\/IMG_7574-1-1024x768.jpg\",\"datePublished\":\"2020-04-12T19:12:27+00:00\",\"dateModified\":\"2020-04-12T19:12:27+00:00\",\"description\":\"Over the Clouds\",\"breadcrumb\":{\"@id\":\"https:\/\/www.overtheclouds.eu\/index.php\/es\/acerca-de-sobre-nosotros\/#breadcrumb\"},\"inLanguage\":\"es\",\"potentialAction\":[{\"@type\":\"ReadAction\",\"target\":[\"https:\/\/www.overtheclouds.eu\/index.php\/es\/acerca-de-sobre-nosotros\/\"]}]},{\"@type\":\"ImageObject\",\"inLanguage\":\"es\",\"@id\":\"https:\/\/www.overtheclouds.eu\/index.php\/es\/acerca-de-sobre-nosotros\/#primaryimage\",\"url\":\"https:\/\/www.overtheclouds.eu\/wp-content\/uploads\/2020\/04\/IMG_7574-1.jpg\",\"contentUrl\":\"https:\/\/www.overtheclouds.eu\/wp-content\/uploads\/2020\/04\/IMG_7574-1.jpg\",\"width\":1184,\"height\":888,\"caption\":\"Tossa Plana de Lles\"},{\"@type\":\"BreadcrumbList\",\"@id\":\"https:\/\/www.overtheclouds.eu\/index.php\/es\/acerca-de-sobre-nosotros\/#breadcrumb\",\"itemListElement\":[{\"@type\":\"ListItem\",\"position\":1,\"name\":\"Inici\",\"item\":\"https:\/\/www.overtheclouds.eu\/\"},{\"@type\":\"ListItem\",\"position\":2,\"name\":\"Sobre nosotros\"}]},{\"@type\":\"WebSite\",\"@id\":\"https:\/\/www.overtheclouds.eu\/#website\",\"url\":\"https:\/\/www.overtheclouds.eu\/\",\"name\":\"Over the Clouds\",\"description\":\"El plaer de rec\u00f3rrer valls, carenes i assolir cims\",\"publisher\":{\"@id\":\"https:\/\/www.overtheclouds.eu\/#organization\"},\"potentialAction\":[{\"@type\":\"SearchAction\",\"target\":{\"@type\":\"EntryPoint\",\"urlTemplate\":\"https:\/\/www.overtheclouds.eu\/?s={search_term_string}\"},\"query-input\":\"required name=search_term_string\"}],\"inLanguage\":\"es\"},{\"@type\":\"Organization\",\"@id\":\"https:\/\/www.overtheclouds.eu\/#organization\",\"name\":\"Over the Clouds\",\"url\":\"https:\/\/www.overtheclouds.eu\/\",\"logo\":{\"@type\":\"ImageObject\",\"inLanguage\":\"es\",\"@id\":\"https:\/\/www.overtheclouds.eu\/#\/schema\/logo\/image\/\",\"url\":\"https:\/\/www.overtheclouds.eu\/wp-content\/uploads\/2020\/02\/logo-4.png\",\"contentUrl\":\"https:\/\/www.overtheclouds.eu\/wp-content\/uploads\/2020\/02\/logo-4.png\",\"width\":612,\"height\":418,\"caption\":\"Over the Clouds\"},\"image\":{\"@id\":\"https:\/\/www.overtheclouds.eu\/#\/schema\/logo\/image\/\"}}]}<\/script>\n<!-- \/ Yoast SEO plugin. -->","yoast_head_json":{"title":"Sobre nosotros &#8211; Over the Clouds","description":"Over the Clouds","robots":{"index":"index","follow":"follow","max-snippet":"max-snippet:-1","max-image-preview":"max-image-preview:large","max-video-preview":"max-video-preview:-1"},"canonical":"https:\/\/www.overtheclouds.eu\/index.php\/es\/acerca-de-sobre-nosotros\/","og_locale":"es_ES","og_type":"article","og_title":"Sobre nosotros &#8211; Over the Clouds","og_description":"Over the Clouds","og_url":"https:\/\/www.overtheclouds.eu\/index.php\/es\/acerca-de-sobre-nosotros\/","og_site_name":"Over the Clouds","og_image":[{"url":"http:\/\/www.overtheclouds.eu\/wp-content\/uploads\/2020\/04\/IMG_7574-1-1024x768.jpg"}],"twitter_card":"summary_large_image","twitter_misc":{"Tiempo de lectura":"1 minuto"},"schema":{"@context":"https:\/\/schema.org","@graph":[{"@type":"WebPage","@id":"https:\/\/www.overtheclouds.eu\/index.php\/es\/acerca-de-sobre-nosotros\/","url":"https:\/\/www.overtheclouds.eu\/index.php\/es\/acerca-de-sobre-nosotros\/","name":"Sobre nosotros &#8211; Over the Clouds","isPartOf":{"@id":"https:\/\/www.overtheclouds.eu\/#website"},"primaryImageOfPage":{"@id":"https:\/\/www.overtheclouds.eu\/index.php\/es\/acerca-de-sobre-nosotros\/#primaryimage"},"image":{"@id":"https:\/\/www.overtheclouds.eu\/index.php\/es\/acerca-de-sobre-nosotros\/#primaryimage"},"thumbnailUrl":"http:\/\/www.overtheclouds.eu\/wp-content\/uploads\/2020\/04\/IMG_7574-1-1024x768.jpg","datePublished":"2020-04-12T19:12:27+00:00","dateModified":"2020-04-12T19:12:27+00:00","description":"Over the Clouds","breadcrumb":{"@id":"https:\/\/www.overtheclouds.eu\/index.php\/es\/acerca-de-sobre-nosotros\/#breadcrumb"},"inLanguage":"es","potentialAction":[{"@type":"ReadAction","target":["https:\/\/www.overtheclouds.eu\/index.php\/es\/acerca-de-sobre-nosotros\/"]}]},{"@type":"ImageObject","inLanguage":"es","@id":"https:\/\/www.overtheclouds.eu\/index.php\/es\/acerca-de-sobre-nosotros\/#primaryimage","url":"https:\/\/www.overtheclouds.eu\/wp-content\/uploads\/2020\/04\/IMG_7574-1.jpg","contentUrl":"https:\/\/www.overtheclouds.eu\/wp-content\/uploads\/2020\/04\/IMG_7574-1.jpg","width":1184,"height":888,"caption":"Tossa Plana de Lles"},{"@type":"BreadcrumbList","@id":"https:\/\/www.overtheclouds.eu\/index.php\/es\/acerca-de-sobre-nosotros\/#breadcrumb","itemListElement":[{"@type":"ListItem","position":1,"name":"Inici","item":"https:\/\/www.overtheclouds.eu\/"},{"@type":"ListItem","position":2,"name":"Sobre nosotros"}]},{"@type":"WebSite","@id":"https:\/\/www.overtheclouds.eu\/#website","url":"https:\/\/www.overtheclouds.eu\/","name":"Over the Clouds","description":"El plaer de rec\u00f3rrer valls, carenes i assolir cims","publisher":{"@id":"https:\/\/www.overtheclouds.eu\/#organization"},"potentialAction":[{"@type":"SearchAction","target":{"@type":"EntryPoint","urlTemplate":"https:\/\/www.overtheclouds.eu\/?s={search_term_string}"},"query-input":"required name=search_term_string"}],"inLanguage":"es"},{"@type":"Organization","@id":"https:\/\/www.overtheclouds.eu\/#organization","name":"Over the Clouds","url":"https:\/\/www.overtheclouds.eu\/","logo":{"@type":"ImageObject","inLanguage":"es","@id":"https:\/\/www.overtheclouds.eu\/#\/schema\/logo\/image\/","url":"https:\/\/www.overtheclouds.eu\/wp-content\/uploads\/2020\/02\/logo-4.png","contentUrl":"https:\/\/www.overtheclouds.eu\/wp-content\/uploads\/2020\/02\/logo-4.png","width":612,"height":418,"caption":"Over the Clouds"},"image":{"@id":"https:\/\/www.overtheclouds.eu\/#\/schema\/logo\/image\/"}}]}},"_links":{"self":[{"href":"https:\/\/www.overtheclouds.eu\/index.php\/wp-json\/wp\/v2\/pages\/1047"}],"collection":[{"href":"https:\/\/www.overtheclouds.eu\/index.php\/wp-json\/wp\/v2\/pages"}],"about":[{"href":"https:\/\/www.overtheclouds.eu\/index.php\/wp-json\/wp\/v2\/types\/page"}],"author":[{"embeddable":true,"href":"https:\/\/www.overtheclouds.eu\/index.php\/wp-json\/wp\/v2\/users\/1"}],"replies":[{"embeddable":true,"href":"https:\/\/www.overtheclouds.eu\/index.php\/wp-json\/wp\/v2\/comments?post=1047"}],"version-history":[{"count":0,"href":"https:\/\/www.overtheclouds.eu\/index.php\/wp-json\/wp\/v2\/pages\/1047\/revisions"}],"wp:attachment":[{"href":"https:\/\/www.overtheclouds.eu\/index.php\/wp-json\/wp\/v2\/media?parent=1047"}],"curies":[{"name":"wp","href":"https:\/\/api.w.org\/{rel}","templated":true}]}}